{"id":97,"date":"2025-07-16T14:02:27","date_gmt":"2025-07-16T14:02:27","guid":{"rendered":"https:\/\/nenitan.fi\/?page_id=97"},"modified":"2025-10-08T13:52:05","modified_gmt":"2025-10-08T13:52:05","slug":"nola","status":"publish","type":"page","link":"https:\/\/nenitan.fi\/index.php\/koirat\/nola\/","title":{"rendered":"Nola"},"content":{"rendered":"\t\t<div data-elementor-type=\"wp-page\" data-elementor-id=\"97\" class=\"elementor elementor-97\" data-elementor-settings=\"[]\">\n\t\t\t\t\t\t\t<div class=\"elementor-section-wrap\">\n\t\t\t\t\t\t\t<section class=\"elementor-section elementor-top-section elementor-element elementor-element-b7cd2b2 elementor-section-boxed elementor-section-height-default elementor-section-height-default\" data-id=\"b7cd2b2\" data-element_type=\"section\">\n\t\t\t\t\t\t<div class=\"elementor-container elementor-column-gap-default\">\n\t\t\t\t\t<div class=\"elementor-column elementor-col-100 elementor-top-column elementor-element elementor-element-84aed50\" data-id=\"84aed50\" data-element_type=\"column\">\n\t\t\t<div class=\"elementor-widget-wrap elementor-element-populated\">\n\t\t\t\t\t\t\t\t<div class=\"elementor-element elementor-element-f4f0d62 elementor-widget elementor-widget-heading\" data-id=\"f4f0d62\" data-element_type=\"widget\" data-widget_type=\"heading.default\">\n\t\t\t\t<div class=\"elementor-widget-container\">\n\t\t\t<h2 class=\"elementor-heading-title elementor-size-default\">Fi MVA RTK2 Susadan Rhapsody In Blue<\/h2>\t\t<\/div>\n\t\t\t\t<\/div>\n\t\t\t\t\t<\/div>\n\t\t<\/div>\n\t\t\t\t\t\t\t<\/div>\n\t\t<\/section>\n\t\t\t\t<section class=\"elementor-section elementor-top-section elementor-element elementor-element-b6bc059 elementor-section-boxed elementor-section-height-default elementor-section-height-default\" data-id=\"b6bc059\" data-element_type=\"section\">\n\t\t\t\t\t\t<div class=\"elementor-container elementor-column-gap-default\">\n\t\t\t\t\t<div class=\"elementor-column elementor-col-100 elementor-top-column elementor-element elementor-element-7bcf4ea\" data-id=\"7bcf4ea\" data-element_type=\"column\">\n\t\t\t<div class=\"elementor-widget-wrap elementor-element-populated\">\n\t\t\t\t\t\t\t\t<div class=\"elementor-element elementor-element-ba4fabe elementor-widget elementor-widget-image\" data-id=\"ba4fabe\" data-element_type=\"widget\" data-widget_type=\"image.default\">\n\t\t\t\t<div class=\"elementor-widget-container\">\n\t\t\t\t\t\t\t\t\t\t\t\t<figure class=\"wp-caption\">\n\t\t\t\t\t\t\t\t\t\t<img loading=\"lazy\" decoding=\"async\" width=\"768\" height=\"461\" src=\"https:\/\/nenitan.fi\/wp-content\/uploads\/2021\/09\/cropped-elise_miinalukkari_fb-768x461.jpg\" class=\"attachment-medium_large size-medium_large\" alt=\"\" srcset=\"https:\/\/nenitan.fi\/wp-content\/uploads\/2021\/09\/cropped-elise_miinalukkari_fb-768x461.jpg 768w, https:\/\/nenitan.fi\/wp-content\/uploads\/2021\/09\/cropped-elise_miinalukkari_fb-300x180.jpg 300w, https:\/\/nenitan.fi\/wp-content\/uploads\/2021\/09\/cropped-elise_miinalukkari_fb-1024x614.jpg 1024w, https:\/\/nenitan.fi\/wp-content\/uploads\/2021\/09\/cropped-elise_miinalukkari_fb-1536x922.jpg 1536w, https:\/\/nenitan.fi\/wp-content\/uploads\/2021\/09\/cropped-elise_miinalukkari_fb.jpg 2000w\" sizes=\"auto, (max-width: 768px) 100vw, 768px\" \/>\t\t\t\t\t\t\t\t\t\t\t<figcaption class=\"widget-image-caption wp-caption-text\">Kuvaaja Miina Lukkari<\/figcaption>\n\t\t\t\t\t\t\t\t\t\t<\/figure>\n\t\t\t\t\t\t\t\t\t<\/div>\n\t\t\t\t<\/div>\n\t\t\t\t<div class=\"elementor-element elementor-element-cc0c3aa elementor-widget elementor-widget-text-editor\" data-id=\"cc0c3aa\" data-element_type=\"widget\" data-widget_type=\"text-editor.default\">\n\t\t\t\t<div class=\"elementor-widget-container\">\n\t\t\t\t\t\t\t<p>Nola on minun el\u00e4m\u00e4ni koira. Se on luonteeltaan tasapainoinen ja rauhallinen. Sill\u00e4 on paljon miellytt\u00e4misen halua, mutta my\u00f6s tarve tehd\u00e4 asiat oikein. Eli v\u00e4h\u00e4n sellainen perfektionisti, joka ei oikein tykk\u00e4\u00e4 ep\u00e4onnistua.<\/p><p>Nolan kanssa ollaan kisattu rallytokossa voittajaluokkaan asti. Sielt\u00e4 ei olla viel\u00e4 onnistuttu tulosta saamaan, kun meille on iskenyt kisakammo&#8230; Nyt tavoite on p\u00e4\u00e4st\u00e4 siit\u00e4 yli ja vahvistaa muutamia hieman ep\u00e4varmempia liikkeit\u00e4, jotta meill\u00e4 olisi hyv\u00e4 mieli menn\u00e4 uudelleen kisaamaan. Alemmissa luokissa kun teimme ihan mielett\u00f6m\u00e4n hienoja ratoja!<\/p><p>My\u00f6s Nolan kanssa ollaan treenattu agility\u00e4, mutta vain kerran k\u00e4yty ep\u00e4virallisissa kisoissa. Mahdollisesti jatkamme lajin parissa l\u00e4hiaikoina.<br \/><br \/>Nola on minun t\u00e4m\u00e4n hetkisen kasvatuksen kantanarttu ja se on D- ja E-pentueiden em\u00e4.<br \/><br \/>Nola <a href=\"https:\/\/jalostus.kennelliitto.fi\/frmKoira.aspx?RekNo=FI42776\/19&amp;R=88\">KoiraNetiss\u00e4<\/a><\/p>\t\t\t\t\t\t<\/div>\n\t\t\t\t<\/div>\n\t\t\t\t\t<\/div>\n\t\t<\/div>\n\t\t\t\t\t\t\t<\/div>\n\t\t<\/section>\n\t\t\t\t\t\t<\/div>\n\t\t\t\t\t<\/div>\n\t\t","protected":false},"excerpt":{"rendered":"<p>Fi MVA RTK2 Susadan Rhapsody In Blue Kuvaaja Miina Lukkari Nola on minun el\u00e4m\u00e4ni koira. Se on luonteeltaan tasapainoinen ja rauhallinen. Sill\u00e4 on paljon miellytt\u00e4misen halua, mutta my\u00f6s tarve tehd\u00e4 asiat oikein. Eli v\u00e4h\u00e4n sellainen perfektionisti, joka ei oikein tykk\u00e4\u00e4 ep\u00e4onnistua. Nolan kanssa ollaan kisattu rallytokossa voittajaluokkaan asti. Sielt\u00e4 ei olla viel\u00e4 onnistuttu tulosta saamaan,&#8230;<\/p>\n","protected":false},"author":1,"featured_media":0,"parent":64,"menu_order":0,"comment_status":"closed","ping_status":"closed","template":"","meta":{"_kad_post_transparent":"","_kad_post_title":"hide","_kad_post_layout":"fullwidth","_kad_post_sidebar_id":"","_kad_post_content_style":"unboxed","_kad_post_vertical_padding":"hide","_kad_post_feature":"hide","_kad_post_feature_position":"","_kad_post_header":false,"_kad_post_footer":false,"footnotes":""},"class_list":["post-97","page","type-page","status-publish","hentry"],"_links":{"self":[{"href":"https:\/\/nenitan.fi\/index.php\/wp-json\/wp\/v2\/pages\/97","targetHints":{"allow":["GET"]}}],"collection":[{"href":"https:\/\/nenitan.fi\/index.php\/wp-json\/wp\/v2\/pages"}],"about":[{"href":"https:\/\/nenitan.fi\/index.php\/wp-json\/wp\/v2\/types\/page"}],"author":[{"embeddable":true,"href":"https:\/\/nenitan.fi\/index.php\/wp-json\/wp\/v2\/users\/1"}],"replies":[{"embeddable":true,"href":"https:\/\/nenitan.fi\/index.php\/wp-json\/wp\/v2\/comments?post=97"}],"version-history":[{"count":13,"href":"https:\/\/nenitan.fi\/index.php\/wp-json\/wp\/v2\/pages\/97\/revisions"}],"predecessor-version":[{"id":314,"href":"https:\/\/nenitan.fi\/index.php\/wp-json\/wp\/v2\/pages\/97\/revisions\/314"}],"up":[{"embeddable":true,"href":"https:\/\/nenitan.fi\/index.php\/wp-json\/wp\/v2\/pages\/64"}],"wp:attachment":[{"href":"https:\/\/nenitan.fi\/index.php\/wp-json\/wp\/v2\/media?parent=97"}],"curies":[{"name":"wp","href":"https:\/\/api.w.org\/{rel}","templated":true}]}}