{"id":72,"date":"2025-07-16T12:12:33","date_gmt":"2025-07-16T12:12:33","guid":{"rendered":"https:\/\/nenitan.fi\/?page_id=72"},"modified":"2025-08-04T16:11:19","modified_gmt":"2025-08-04T16:11:19","slug":"yhteystiedot","status":"publish","type":"page","link":"https:\/\/nenitan.fi\/index.php\/yhteystiedot\/","title":{"rendered":"Yhteystiedot"},"content":{"rendered":"\t\t<div data-elementor-type=\"wp-page\" data-elementor-id=\"72\" class=\"elementor elementor-72\" data-elementor-settings=\"[]\">\n\t\t\t\t\t\t\t<div class=\"elementor-section-wrap\">\n\t\t\t\t\t\t\t<section class=\"elementor-section elementor-top-section elementor-element elementor-element-e44f7b8 elementor-section-boxed elementor-section-height-default elementor-section-height-default\" data-id=\"e44f7b8\" data-element_type=\"section\">\n\t\t\t\t\t\t<div class=\"elementor-container elementor-column-gap-default\">\n\t\t\t\t\t<div class=\"elementor-column elementor-col-100 elementor-top-column elementor-element elementor-element-3a4177e\" data-id=\"3a4177e\" data-element_type=\"column\">\n\t\t\t<div class=\"elementor-widget-wrap elementor-element-populated\">\n\t\t\t\t\t\t\t\t<div class=\"elementor-element elementor-element-23b140e elementor-widget elementor-widget-heading\" data-id=\"23b140e\" data-element_type=\"widget\" data-widget_type=\"heading.default\">\n\t\t\t\t<div class=\"elementor-widget-container\">\n\t\t\t<h2 class=\"elementor-heading-title elementor-size-default\">Yhteystiedot<\/h2>\t\t<\/div>\n\t\t\t\t<\/div>\n\t\t\t\t\t<\/div>\n\t\t<\/div>\n\t\t\t\t\t\t\t<\/div>\n\t\t<\/section>\n\t\t\t\t<section class=\"elementor-section elementor-top-section elementor-element elementor-element-e6c6a78 elementor-section-boxed elementor-section-height-default elementor-section-height-default\" data-id=\"e6c6a78\" data-element_type=\"section\">\n\t\t\t\t\t\t<div class=\"elementor-container elementor-column-gap-default\">\n\t\t\t\t\t<div class=\"elementor-column elementor-col-100 elementor-top-column elementor-element elementor-element-418ee14\" data-id=\"418ee14\" data-element_type=\"column\">\n\t\t\t<div class=\"elementor-widget-wrap elementor-element-populated\">\n\t\t\t\t\t\t\t\t<div class=\"elementor-element elementor-element-1c6b5f9 elementor-widget elementor-widget-text-editor\" data-id=\"1c6b5f9\" data-element_type=\"widget\" data-widget_type=\"text-editor.default\">\n\t\t\t\t<div class=\"elementor-widget-container\">\n\t\t\t\t\t\t\t<p>Voit ottaa yhteytt\u00e4 s\u00e4hk\u00f6postitse, jos haluat kysy\u00e4 lis\u00e4\u00e4 kasvatusty\u00f6st\u00e4ni tai olet kiinnostunut tulevista pentueista. Vastaan mielell\u00e4ni rodusta kiinnostuneisiin viesteihin.<\/p><p><strong>S\u00e4hk\u00f6posti:<\/strong><br \/><a href=\"mailto:nenitan.kennel(a)gmail.com\">nenitan.kennel @ gmail.com<\/a><\/p><p><strong>Facebook:<\/strong><br \/><a href=\"https:\/\/www.facebook.com\/Nenitankennel\">Nenitan kennel<\/a><\/p><p><strong>Sijainti:<\/strong><br \/>Oulu, Pohjois-Pohjanmaa<\/p><p>En pid\u00e4 jonotuslistoja, mutta voit olla yhteydess\u00e4, jos haluat kuulla lis\u00e4\u00e4 suunnitelmista tai pentutilanteesta.<\/p>\t\t\t\t\t\t<\/div>\n\t\t\t\t<\/div>\n\t\t\t\t\t<\/div>\n\t\t<\/div>\n\t\t\t\t\t\t\t<\/div>\n\t\t<\/section>\n\t\t\t\t<section class=\"elementor-section elementor-top-section elementor-element elementor-element-90b2d9b elementor-section-boxed elementor-section-height-default elementor-section-height-default\" data-id=\"90b2d9b\" data-element_type=\"section\">\n\t\t\t\t\t\t<div class=\"elementor-container elementor-column-gap-default\">\n\t\t\t\t\t<div class=\"elementor-column elementor-col-100 elementor-top-column elementor-element elementor-element-6546987\" data-id=\"6546987\" data-element_type=\"column\">\n\t\t\t<div class=\"elementor-widget-wrap\">\n\t\t\t\t\t\t\t\t\t<\/div>\n\t\t<\/div>\n\t\t\t\t\t\t\t<\/div>\n\t\t<\/section>\n\t\t\t\t<section class=\"elementor-section elementor-top-section elementor-element elementor-element-50a0e34 elementor-section-boxed elementor-section-height-default elementor-section-height-default\" data-id=\"50a0e34\" data-element_type=\"section\">\n\t\t\t\t\t\t<div class=\"elementor-container elementor-column-gap-default\">\n\t\t\t\t\t<div class=\"elementor-column elementor-col-100 elementor-top-column elementor-element elementor-element-64d2494\" data-id=\"64d2494\" data-element_type=\"column\">\n\t\t\t<div class=\"elementor-widget-wrap\">\n\t\t\t\t\t\t\t\t\t<\/div>\n\t\t<\/div>\n\t\t\t\t\t\t\t<\/div>\n\t\t<\/section>\n\t\t\t\t\t\t<\/div>\n\t\t\t\t\t<\/div>\n\t\t","protected":false},"excerpt":{"rendered":"<p>Yhteystiedot Voit ottaa yhteytt\u00e4 s\u00e4hk\u00f6postitse, jos haluat kysy\u00e4 lis\u00e4\u00e4 kasvatusty\u00f6st\u00e4ni tai olet kiinnostunut tulevista pentueista. Vastaan mielell\u00e4ni rodusta kiinnostuneisiin viesteihin. S\u00e4hk\u00f6posti:nenitan.kennel @ gmail.com Facebook:Nenitan kennel Sijainti:Oulu, Pohjois-Pohjanmaa En pid\u00e4 jonotuslistoja, mutta voit olla yhteydess\u00e4, jos haluat kuulla lis\u00e4\u00e4 suunnitelmista tai pentutilanteesta.<\/p>\n","protected":false},"author":1,"featured_media":0,"parent":0,"menu_order":0,"comment_status":"closed","ping_status":"closed","template":"","meta":{"_kad_post_transparent":"","_kad_post_title":"hide","_kad_post_layout":"fullwidth","_kad_post_sidebar_id":"","_kad_post_content_style":"unboxed","_kad_post_vertical_padding":"hide","_kad_post_feature":"hide","_kad_post_feature_position":"","_kad_post_header":false,"_kad_post_footer":false,"footnotes":""},"class_list":["post-72","page","type-page","status-publish","hentry"],"_links":{"self":[{"href":"https:\/\/nenitan.fi\/index.php\/wp-json\/wp\/v2\/pages\/72","targetHints":{"allow":["GET"]}}],"collection":[{"href":"https:\/\/nenitan.fi\/index.php\/wp-json\/wp\/v2\/pages"}],"about":[{"href":"https:\/\/nenitan.fi\/index.php\/wp-json\/wp\/v2\/types\/page"}],"author":[{"embeddable":true,"href":"https:\/\/nenitan.fi\/index.php\/wp-json\/wp\/v2\/users\/1"}],"replies":[{"embeddable":true,"href":"https:\/\/nenitan.fi\/index.php\/wp-json\/wp\/v2\/comments?post=72"}],"version-history":[{"count":7,"href":"https:\/\/nenitan.fi\/index.php\/wp-json\/wp\/v2\/pages\/72\/revisions"}],"predecessor-version":[{"id":271,"href":"https:\/\/nenitan.fi\/index.php\/wp-json\/wp\/v2\/pages\/72\/revisions\/271"}],"wp:attachment":[{"href":"https:\/\/nenitan.fi\/index.php\/wp-json\/wp\/v2\/media?parent=72"}],"curies":[{"name":"wp","href":"https:\/\/api.w.org\/{rel}","templated":true}]}}