{"id":66,"date":"2025-07-16T12:10:19","date_gmt":"2025-07-16T12:10:19","guid":{"rendered":"https:\/\/nenitan.fi\/?page_id=66"},"modified":"2025-07-17T10:56:18","modified_gmt":"2025-07-17T10:56:18","slug":"kasvatus","status":"publish","type":"page","link":"https:\/\/nenitan.fi\/index.php\/kasvatus\/","title":{"rendered":"Kasvatus"},"content":{"rendered":"\t\t<div data-elementor-type=\"wp-page\" data-elementor-id=\"66\" class=\"elementor elementor-66\" data-elementor-settings=\"[]\">\n\t\t\t\t\t\t\t<div class=\"elementor-section-wrap\">\n\t\t\t\t\t\t\t<section class=\"elementor-section elementor-top-section elementor-element elementor-element-b85a113 elementor-section-boxed elementor-section-height-default elementor-section-height-default\" data-id=\"b85a113\" data-element_type=\"section\">\n\t\t\t\t\t\t<div class=\"elementor-container elementor-column-gap-default\">\n\t\t\t\t\t<div class=\"elementor-column elementor-col-100 elementor-top-column elementor-element elementor-element-d7bd11c\" data-id=\"d7bd11c\" data-element_type=\"column\">\n\t\t\t<div class=\"elementor-widget-wrap elementor-element-populated\">\n\t\t\t\t\t\t\t\t<div class=\"elementor-element elementor-element-6e03005 elementor-widget elementor-widget-heading\" data-id=\"6e03005\" data-element_type=\"widget\" data-widget_type=\"heading.default\">\n\t\t\t\t<div class=\"elementor-widget-container\">\n\t\t\t<h2 class=\"elementor-heading-title elementor-size-default\">Kasvatus<\/h2>\t\t<\/div>\n\t\t\t\t<\/div>\n\t\t\t\t\t<\/div>\n\t\t<\/div>\n\t\t\t\t\t\t\t<\/div>\n\t\t<\/section>\n\t\t\t\t<section class=\"elementor-section elementor-top-section elementor-element elementor-element-9e89066 elementor-section-boxed elementor-section-height-default elementor-section-height-default\" data-id=\"9e89066\" data-element_type=\"section\">\n\t\t\t\t\t\t<div class=\"elementor-container elementor-column-gap-default\">\n\t\t\t\t\t<div class=\"elementor-column elementor-col-100 elementor-top-column elementor-element elementor-element-3800815\" data-id=\"3800815\" data-element_type=\"column\">\n\t\t\t<div class=\"elementor-widget-wrap elementor-element-populated\">\n\t\t\t\t\t\t\t\t<div class=\"elementor-element elementor-element-69a4365 elementor-widget elementor-widget-text-editor\" data-id=\"69a4365\" data-element_type=\"widget\" data-widget_type=\"text-editor.default\">\n\t\t\t\t<div class=\"elementor-widget-container\">\n\t\t\t\t\t\t\t<p>Vaikka kasvatusty\u00f6ni aloituksesta on jo aikaa, pentueita syntyy edelleen harvakseltaan ja harkiten. Jokainen yhdistelm\u00e4 on tarkkaan suunniteltu, ja taustalla on aina ajatus siit\u00e4, millaisia koiria toivon maailmaan tuovani \u2013 sellaisia, jotka sopivat monenlaiseen el\u00e4m\u00e4\u00e4n, niin perheenj\u00e4seniksi kuin harrastuskavereiksikin.<\/p><p>Kaikki koirat eiv\u00e4t ole jalostuskoiria, enk\u00e4 pyri kasvattamaan m\u00e4\u00e4r\u00e4\u00e4 vaan laatua. Olen tehnyt tietoisia valintoja ja j\u00e4tt\u00e4nyt koiria pois jalostuksesta silloin, kun ne eiv\u00e4t ole t\u00e4ytt\u00e4neet omia kriteereit\u00e4ni. Minulle on t\u00e4rke\u00e4\u00e4, ett\u00e4 jalostukseen k\u00e4ytetty koira on terve ja hyv\u00e4luonteinen, eik\u00e4 se periyt\u00e4 ominaisuuksia, jotka voisivat heikent\u00e4\u00e4 sen el\u00e4m\u00e4nlaatua. Ulkomuodollisista piirteist\u00e4 voin tietyiss\u00e4 rajoissa joustaa, mutta tavoitteena on silti aikaansaada shelttej\u00e4, jotka ovat rakenteeltaan tasapainoisia ja soveltuvat my\u00f6s paimennusty\u00f6h\u00f6n.<br \/><br \/>On kuitenkin huomioitava, ett\u00e4 t\u00e4ydellisi\u00e4 koiria tai yhdistelmi\u00e4 ei ole olemassa \u2013 siksi kasvattajana on teht\u00e4v\u00e4 my\u00f6s kompromisseja. Omissa p\u00e4\u00e4t\u00f6ksiss\u00e4ni painottuu kokonaisvaltainen arvio yksil\u00f6st\u00e4 ja sen sopivuudesta jalostukseen. Kasvatus on minulle pitk\u00e4j\u00e4nteist\u00e4 ty\u00f6t\u00e4, jossa jokainen pentue on osa suurempaa tavoitetta \u2013 rodun hyvinvoinnin, monimuotoisuuden ja monipuolisuuden s\u00e4ilytt\u00e4mist\u00e4 tulevaisuudessa.<\/p>\t\t\t\t\t\t<\/div>\n\t\t\t\t<\/div>\n\t\t\t\t\t<\/div>\n\t\t<\/div>\n\t\t\t\t\t\t\t<\/div>\n\t\t<\/section>\n\t\t\t\t<section class=\"elementor-section elementor-top-section elementor-element elementor-element-a4a600c elementor-section-boxed elementor-section-height-default elementor-section-height-default\" data-id=\"a4a600c\" data-element_type=\"section\">\n\t\t\t\t\t\t<div class=\"elementor-container elementor-column-gap-default\">\n\t\t\t\t\t<div class=\"elementor-column elementor-col-50 elementor-top-column elementor-element elementor-element-90af25c\" data-id=\"90af25c\" data-element_type=\"column\">\n\t\t\t<div class=\"elementor-widget-wrap elementor-element-populated\">\n\t\t\t\t\t\t\t\t<div class=\"elementor-element elementor-element-c6254b3 elementor-widget elementor-widget-image\" data-id=\"c6254b3\" data-element_type=\"widget\" data-widget_type=\"image.default\">\n\t\t\t\t<div class=\"elementor-widget-container\">\n\t\t\t\t\t\t\t\t\t\t\t\t\t\t\t<img loading=\"lazy\" decoding=\"async\" width=\"768\" height=\"446\" src=\"https:\/\/nenitan.fi\/wp-content\/uploads\/2025\/07\/Kokokoori-768x446.jpg\" class=\"attachment-medium_large size-medium_large\" alt=\"\" srcset=\"https:\/\/nenitan.fi\/wp-content\/uploads\/2025\/07\/Kokokoori-768x446.jpg 768w, https:\/\/nenitan.fi\/wp-content\/uploads\/2025\/07\/Kokokoori-300x174.jpg 300w, https:\/\/nenitan.fi\/wp-content\/uploads\/2025\/07\/Kokokoori-1024x595.jpg 1024w, https:\/\/nenitan.fi\/wp-content\/uploads\/2025\/07\/Kokokoori-1536x893.jpg 1536w, https:\/\/nenitan.fi\/wp-content\/uploads\/2025\/07\/Kokokoori.jpg 2048w\" sizes=\"auto, (max-width: 768px) 100vw, 768px\" \/>\t\t\t\t\t\t\t\t\t\t\t\t\t\t\t<\/div>\n\t\t\t\t<\/div>\n\t\t\t\t\t<\/div>\n\t\t<\/div>\n\t\t\t\t<div class=\"elementor-column elementor-col-50 elementor-top-column elementor-element elementor-element-c74aacf\" data-id=\"c74aacf\" data-element_type=\"column\">\n\t\t\t<div class=\"elementor-widget-wrap elementor-element-populated\">\n\t\t\t\t\t\t\t\t<div class=\"elementor-element elementor-element-278001d elementor-widget elementor-widget-text-editor\" data-id=\"278001d\" data-element_type=\"widget\" data-widget_type=\"text-editor.default\">\n\t\t\t\t<div class=\"elementor-widget-container\">\n\t\t\t\t\t\t\t<p><a href=\"https:\/\/nenitan.fi\/index.php\/kasvatus\/pentueet\/\">Pentueet<\/a><\/p><p><a href=\"https:\/\/nenitan.fi\/index.php\/kasvatus\/suunnitelmat\/\">Suunnitelmat<\/a><\/p><p><a href=\"https:\/\/nenitan.fi\/index.php\/kasvatus\/kotia-etsivat\/\">Kotia etsiv\u00e4t<\/a><\/p>\t\t\t\t\t\t<\/div>\n\t\t\t\t<\/div>\n\t\t\t\t\t<\/div>\n\t\t<\/div>\n\t\t\t\t\t\t\t<\/div>\n\t\t<\/section>\n\t\t\t\t\t\t<\/div>\n\t\t\t\t\t<\/div>\n\t\t","protected":false},"excerpt":{"rendered":"<p>Kasvatus Vaikka kasvatusty\u00f6ni aloituksesta on jo aikaa, pentueita syntyy edelleen harvakseltaan ja harkiten. Jokainen yhdistelm\u00e4 on tarkkaan suunniteltu, ja taustalla on aina ajatus siit\u00e4, millaisia koiria toivon maailmaan tuovani \u2013 sellaisia, jotka sopivat monenlaiseen el\u00e4m\u00e4\u00e4n, niin perheenj\u00e4seniksi kuin harrastuskavereiksikin. Kaikki koirat eiv\u00e4t ole jalostuskoiria, enk\u00e4 pyri kasvattamaan m\u00e4\u00e4r\u00e4\u00e4 vaan laatua. Olen tehnyt tietoisia valintoja ja&#8230;<\/p>\n","protected":false},"author":1,"featured_media":0,"parent":0,"menu_order":0,"comment_status":"closed","ping_status":"closed","template":"","meta":{"_kad_post_transparent":"","_kad_post_title":"hide","_kad_post_layout":"default","_kad_post_sidebar_id":"default","_kad_post_content_style":"unboxed","_kad_post_vertical_padding":"hide","_kad_post_feature":"hide","_kad_post_feature_position":"","_kad_post_header":false,"_kad_post_footer":false,"footnotes":""},"class_list":["post-66","page","type-page","status-publish","hentry"],"_links":{"self":[{"href":"https:\/\/nenitan.fi\/index.php\/wp-json\/wp\/v2\/pages\/66","targetHints":{"allow":["GET"]}}],"collection":[{"href":"https:\/\/nenitan.fi\/index.php\/wp-json\/wp\/v2\/pages"}],"about":[{"href":"https:\/\/nenitan.fi\/index.php\/wp-json\/wp\/v2\/types\/page"}],"author":[{"embeddable":true,"href":"https:\/\/nenitan.fi\/index.php\/wp-json\/wp\/v2\/users\/1"}],"replies":[{"embeddable":true,"href":"https:\/\/nenitan.fi\/index.php\/wp-json\/wp\/v2\/comments?post=66"}],"version-history":[{"count":20,"href":"https:\/\/nenitan.fi\/index.php\/wp-json\/wp\/v2\/pages\/66\/revisions"}],"predecessor-version":[{"id":182,"href":"https:\/\/nenitan.fi\/index.php\/wp-json\/wp\/v2\/pages\/66\/revisions\/182"}],"wp:attachment":[{"href":"https:\/\/nenitan.fi\/index.php\/wp-json\/wp\/v2\/media?parent=66"}],"curies":[{"name":"wp","href":"https:\/\/api.w.org\/{rel}","templated":true}]}}