{"id":245,"date":"2025-07-20T08:53:46","date_gmt":"2025-07-20T08:53:46","guid":{"rendered":"https:\/\/nenitan.fi\/?page_id=245"},"modified":"2025-08-08T07:45:43","modified_gmt":"2025-08-08T07:45:43","slug":"lila-2","status":"publish","type":"page","link":"https:\/\/nenitan.fi\/index.php\/koirat\/lila-2\/","title":{"rendered":"Lila"},"content":{"rendered":"\t\t<div data-elementor-type=\"wp-page\" data-elementor-id=\"245\" class=\"elementor elementor-245\" data-elementor-settings=\"[]\">\n\t\t\t\t\t\t\t<div class=\"elementor-section-wrap\">\n\t\t\t\t\t\t\t<section class=\"elementor-section elementor-top-section elementor-element elementor-element-07b9c91 elementor-section-boxed elementor-section-height-default elementor-section-height-default\" data-id=\"07b9c91\" data-element_type=\"section\">\n\t\t\t\t\t\t<div class=\"elementor-container elementor-column-gap-default\">\n\t\t\t\t\t<div class=\"elementor-column elementor-col-100 elementor-top-column elementor-element elementor-element-54906ce\" data-id=\"54906ce\" data-element_type=\"column\">\n\t\t\t<div class=\"elementor-widget-wrap elementor-element-populated\">\n\t\t\t\t\t\t\t\t<div class=\"elementor-element elementor-element-ff863da elementor-widget elementor-widget-heading\" data-id=\"ff863da\" data-element_type=\"widget\" data-widget_type=\"heading.default\">\n\t\t\t\t<div class=\"elementor-widget-container\">\n\t\t\t<h2 class=\"elementor-heading-title elementor-size-default\">Nenitan Evelyn Spring Melody<\/h2>\t\t<\/div>\n\t\t\t\t<\/div>\n\t\t\t\t\t<\/div>\n\t\t<\/div>\n\t\t\t\t\t\t\t<\/div>\n\t\t<\/section>\n\t\t\t\t<section class=\"elementor-section elementor-top-section elementor-element elementor-element-ca2f612 elementor-section-boxed elementor-section-height-default elementor-section-height-default\" data-id=\"ca2f612\" data-element_type=\"section\">\n\t\t\t\t\t\t<div class=\"elementor-container elementor-column-gap-default\">\n\t\t\t\t\t<div class=\"elementor-column elementor-col-100 elementor-top-column elementor-element elementor-element-9184686\" data-id=\"9184686\" data-element_type=\"column\">\n\t\t\t<div class=\"elementor-widget-wrap elementor-element-populated\">\n\t\t\t\t\t\t\t\t<div class=\"elementor-element elementor-element-3e75e48 elementor-widget elementor-widget-image\" data-id=\"3e75e48\" data-element_type=\"widget\" data-widget_type=\"image.default\">\n\t\t\t\t<div class=\"elementor-widget-container\">\n\t\t\t\t\t\t\t\t\t\t\t\t\t\t\t<img loading=\"lazy\" decoding=\"async\" width=\"768\" height=\"576\" src=\"https:\/\/nenitan.fi\/wp-content\/uploads\/2025\/07\/Lila-768x576.jpg\" class=\"attachment-medium_large size-medium_large\" alt=\"\" srcset=\"https:\/\/nenitan.fi\/wp-content\/uploads\/2025\/07\/Lila-768x576.jpg 768w, https:\/\/nenitan.fi\/wp-content\/uploads\/2025\/07\/Lila-300x225.jpg 300w, https:\/\/nenitan.fi\/wp-content\/uploads\/2025\/07\/Lila-1024x768.jpg 1024w, https:\/\/nenitan.fi\/wp-content\/uploads\/2025\/07\/Lila-1536x1152.jpg 1536w, https:\/\/nenitan.fi\/wp-content\/uploads\/2025\/07\/Lila.jpg 2048w\" sizes=\"auto, (max-width: 768px) 100vw, 768px\" \/>\t\t\t\t\t\t\t\t\t\t\t\t\t\t\t<\/div>\n\t\t\t\t<\/div>\n\t\t\t\t\t<\/div>\n\t\t<\/div>\n\t\t\t\t\t\t\t<\/div>\n\t\t<\/section>\n\t\t\t\t<section class=\"elementor-section elementor-top-section elementor-element elementor-element-ab88f0c elementor-section-boxed elementor-section-height-default elementor-section-height-default\" data-id=\"ab88f0c\" data-element_type=\"section\">\n\t\t\t\t\t\t<div class=\"elementor-container elementor-column-gap-default\">\n\t\t\t\t\t<div class=\"elementor-column elementor-col-100 elementor-top-column elementor-element elementor-element-0be754f\" data-id=\"0be754f\" data-element_type=\"column\">\n\t\t\t<div class=\"elementor-widget-wrap elementor-element-populated\">\n\t\t\t\t\t\t\t\t<div class=\"elementor-element elementor-element-1474875 elementor-widget elementor-widget-text-editor\" data-id=\"1474875\" data-element_type=\"widget\" data-widget_type=\"text-editor.default\">\n\t\t\t\t<div class=\"elementor-widget-container\">\n\t\t\t\t\t\t\t<p>Lila on minun sijoitusnarttu E-pentueesta. Lila on hyvin shelttim\u00e4inen nuori neiti ja mielest\u00e4ni eritt\u00e4in kaunis. Olen todella kiitollinen Anettelle ja Alexille heid\u00e4n tarjoamastaan sijoituskodista.\u00a0<\/p><p>Lila <a href=\"https:\/\/jalostus.kennelliitto.fi\/frmKoira.aspx?RekNo=FI49260%2F24&amp;R=88\">KoiraNetiss\u00e4<\/a><\/p>\t\t\t\t\t\t<\/div>\n\t\t\t\t<\/div>\n\t\t\t\t\t<\/div>\n\t\t<\/div>\n\t\t\t\t\t\t\t<\/div>\n\t\t<\/section>\n\t\t\t\t<section class=\"elementor-section elementor-top-section elementor-element elementor-element-94baa17 elementor-section-boxed elementor-section-height-default elementor-section-height-default\" data-id=\"94baa17\" data-element_type=\"section\">\n\t\t\t\t\t\t<div class=\"elementor-container elementor-column-gap-default\">\n\t\t\t\t\t<div class=\"elementor-column elementor-col-100 elementor-top-column elementor-element elementor-element-113882b\" data-id=\"113882b\" data-element_type=\"column\">\n\t\t\t<div class=\"elementor-widget-wrap elementor-element-populated\">\n\t\t\t\t\t\t\t\t<div class=\"elementor-element elementor-element-87d7df6 elementor-widget elementor-widget-image\" data-id=\"87d7df6\" data-element_type=\"widget\" data-widget_type=\"image.default\">\n\t\t\t\t<div class=\"elementor-widget-container\">\n\t\t\t\t\t\t\t\t\t\t\t\t<figure class=\"wp-caption\">\n\t\t\t\t\t\t\t\t\t\t<img loading=\"lazy\" decoding=\"async\" width=\"768\" height=\"960\" src=\"https:\/\/nenitan.fi\/wp-content\/uploads\/2025\/08\/kauneinilmenarttu-2-768x960.jpg\" class=\"attachment-medium_large size-medium_large\" alt=\"\" srcset=\"https:\/\/nenitan.fi\/wp-content\/uploads\/2025\/08\/kauneinilmenarttu-2-768x960.jpg 768w, https:\/\/nenitan.fi\/wp-content\/uploads\/2025\/08\/kauneinilmenarttu-2-240x300.jpg 240w, https:\/\/nenitan.fi\/wp-content\/uploads\/2025\/08\/kauneinilmenarttu-2-819x1024.jpg 819w, https:\/\/nenitan.fi\/wp-content\/uploads\/2025\/08\/kauneinilmenarttu-2-1229x1536.jpg 1229w, https:\/\/nenitan.fi\/wp-content\/uploads\/2025\/08\/kauneinilmenarttu-2.jpg 1638w\" sizes=\"auto, (max-width: 768px) 100vw, 768px\" \/>\t\t\t\t\t\t\t\t\t\t\t<figcaption class=\"widget-image-caption wp-caption-text\">Lila erikoisn\u00e4yttelyss\u00e4 25.5.25 \"kaunein ilme narttu\" -voittaja, Kuvaaja Jensky Photography<\/figcaption>\n\t\t\t\t\t\t\t\t\t\t<\/figure>\n\t\t\t\t\t\t\t\t\t<\/div>\n\t\t\t\t<\/div>\n\t\t\t\t\t<\/div>\n\t\t<\/div>\n\t\t\t\t\t\t\t<\/div>\n\t\t<\/section>\n\t\t\t\t\t\t<\/div>\n\t\t\t\t\t<\/div>\n\t\t","protected":false},"excerpt":{"rendered":"<p>Nenitan Evelyn Spring Melody Lila on minun sijoitusnarttu E-pentueesta. Lila on hyvin shelttim\u00e4inen nuori neiti ja mielest\u00e4ni eritt\u00e4in kaunis. Olen todella kiitollinen Anettelle ja Alexille heid\u00e4n tarjoamastaan sijoituskodista.\u00a0 Lila KoiraNetiss\u00e4 Lila erikoisn\u00e4yttelyss\u00e4 25.5.25 &#8220;kaunein ilme narttu&#8221; -voittaja, Kuvaaja Jensky Photography<\/p>\n","protected":false},"author":1,"featured_media":0,"parent":64,"menu_order":0,"comment_status":"closed","ping_status":"closed","template":"","meta":{"_kad_post_transparent":"","_kad_post_title":"hide","_kad_post_layout":"fullwidth","_kad_post_sidebar_id":"","_kad_post_content_style":"unboxed","_kad_post_vertical_padding":"hide","_kad_post_feature":"hide","_kad_post_feature_position":"","_kad_post_header":false,"_kad_post_footer":false,"footnotes":""},"class_list":["post-245","page","type-page","status-publish","hentry"],"_links":{"self":[{"href":"https:\/\/nenitan.fi\/index.php\/wp-json\/wp\/v2\/pages\/245","targetHints":{"allow":["GET"]}}],"collection":[{"href":"https:\/\/nenitan.fi\/index.php\/wp-json\/wp\/v2\/pages"}],"about":[{"href":"https:\/\/nenitan.fi\/index.php\/wp-json\/wp\/v2\/types\/page"}],"author":[{"embeddable":true,"href":"https:\/\/nenitan.fi\/index.php\/wp-json\/wp\/v2\/users\/1"}],"replies":[{"embeddable":true,"href":"https:\/\/nenitan.fi\/index.php\/wp-json\/wp\/v2\/comments?post=245"}],"version-history":[{"count":16,"href":"https:\/\/nenitan.fi\/index.php\/wp-json\/wp\/v2\/pages\/245\/revisions"}],"predecessor-version":[{"id":293,"href":"https:\/\/nenitan.fi\/index.php\/wp-json\/wp\/v2\/pages\/245\/revisions\/293"}],"up":[{"embeddable":true,"href":"https:\/\/nenitan.fi\/index.php\/wp-json\/wp\/v2\/pages\/64"}],"wp:attachment":[{"href":"https:\/\/nenitan.fi\/index.php\/wp-json\/wp\/v2\/media?parent=245"}],"curies":[{"name":"wp","href":"https:\/\/api.w.org\/{rel}","templated":true}]}}