{"id":233,"date":"2025-07-20T08:41:12","date_gmt":"2025-07-20T08:41:12","guid":{"rendered":"https:\/\/nenitan.fi\/?page_id=233"},"modified":"2025-07-20T08:49:45","modified_gmt":"2025-07-20T08:49:45","slug":"nooa","status":"publish","type":"page","link":"https:\/\/nenitan.fi\/index.php\/koirat\/nooa\/","title":{"rendered":"Nooa"},"content":{"rendered":"\t\t<div data-elementor-type=\"wp-page\" data-elementor-id=\"233\" class=\"elementor elementor-233\" data-elementor-settings=\"[]\">\n\t\t\t\t\t\t\t<div class=\"elementor-section-wrap\">\n\t\t\t\t\t\t\t<section class=\"elementor-section elementor-top-section elementor-element elementor-element-0464e8d elementor-section-boxed elementor-section-height-default elementor-section-height-default\" data-id=\"0464e8d\" data-element_type=\"section\">\n\t\t\t\t\t\t<div class=\"elementor-container elementor-column-gap-default\">\n\t\t\t\t\t<div class=\"elementor-column elementor-col-100 elementor-top-column elementor-element elementor-element-e015533\" data-id=\"e015533\" data-element_type=\"column\">\n\t\t\t<div class=\"elementor-widget-wrap elementor-element-populated\">\n\t\t\t\t\t\t\t\t<div class=\"elementor-element elementor-element-869b5ae elementor-widget elementor-widget-heading\" data-id=\"869b5ae\" data-element_type=\"widget\" data-widget_type=\"heading.default\">\n\t\t\t\t<div class=\"elementor-widget-container\">\n\t\t\t<h2 class=\"elementor-heading-title elementor-size-default\">Nenitan Did The Best Pranks<\/h2>\t\t<\/div>\n\t\t\t\t<\/div>\n\t\t\t\t\t<\/div>\n\t\t<\/div>\n\t\t\t\t\t\t\t<\/div>\n\t\t<\/section>\n\t\t\t\t<section class=\"elementor-section elementor-top-section elementor-element elementor-element-41e4486 elementor-section-boxed elementor-section-height-default elementor-section-height-default\" data-id=\"41e4486\" data-element_type=\"section\">\n\t\t\t\t\t\t<div class=\"elementor-container elementor-column-gap-default\">\n\t\t\t\t\t<div class=\"elementor-column elementor-col-100 elementor-top-column elementor-element elementor-element-494a38a\" data-id=\"494a38a\" data-element_type=\"column\">\n\t\t\t<div class=\"elementor-widget-wrap elementor-element-populated\">\n\t\t\t\t\t\t\t\t<div class=\"elementor-element elementor-element-1c1e86b elementor-widget elementor-widget-image\" data-id=\"1c1e86b\" data-element_type=\"widget\" data-widget_type=\"image.default\">\n\t\t\t\t<div class=\"elementor-widget-container\">\n\t\t\t\t\t\t\t\t\t\t\t\t\t\t\t<img loading=\"lazy\" decoding=\"async\" width=\"768\" height=\"602\" src=\"https:\/\/nenitan.fi\/wp-content\/uploads\/2025\/07\/Nooa_netti-768x602.jpg\" class=\"attachment-medium_large size-medium_large\" alt=\"\" srcset=\"https:\/\/nenitan.fi\/wp-content\/uploads\/2025\/07\/Nooa_netti-768x602.jpg 768w, https:\/\/nenitan.fi\/wp-content\/uploads\/2025\/07\/Nooa_netti-300x235.jpg 300w, https:\/\/nenitan.fi\/wp-content\/uploads\/2025\/07\/Nooa_netti-1024x803.jpg 1024w, https:\/\/nenitan.fi\/wp-content\/uploads\/2025\/07\/Nooa_netti-1536x1205.jpg 1536w, https:\/\/nenitan.fi\/wp-content\/uploads\/2025\/07\/Nooa_netti.jpg 2048w\" sizes=\"auto, (max-width: 768px) 100vw, 768px\" \/>\t\t\t\t\t\t\t\t\t\t\t\t\t\t\t<\/div>\n\t\t\t\t<\/div>\n\t\t\t\t\t<\/div>\n\t\t<\/div>\n\t\t\t\t\t\t\t<\/div>\n\t\t<\/section>\n\t\t\t\t<section class=\"elementor-section elementor-top-section elementor-element elementor-element-3d230f3 elementor-section-boxed elementor-section-height-default elementor-section-height-default\" data-id=\"3d230f3\" data-element_type=\"section\">\n\t\t\t\t\t\t<div class=\"elementor-container elementor-column-gap-default\">\n\t\t\t\t\t<div class=\"elementor-column elementor-col-100 elementor-top-column elementor-element elementor-element-4f516bd\" data-id=\"4f516bd\" data-element_type=\"column\">\n\t\t\t<div class=\"elementor-widget-wrap elementor-element-populated\">\n\t\t\t\t\t\t\t\t<div class=\"elementor-element elementor-element-ebe4943 elementor-widget elementor-widget-text-editor\" data-id=\"ebe4943\" data-element_type=\"widget\" data-widget_type=\"text-editor.default\">\n\t\t\t\t<div class=\"elementor-widget-container\">\n\t\t\t\t\t\t\t<p>Nooa on valloittava persoona.\u00a0<span style=\"font-family: var( --e-global-typography-text-font-family ), Sans-serif;\">Olisi mukava saada t\u00e4st\u00e4 koirasta joskus j\u00e4lkel\u00e4isi\u00e4. Valitettavasti itsell\u00e4 ei ole sille sopivaa narttua, kun kaikki on l\u00e4hisukulaisia. Nooa onkin tarjolla jalostukseen sopiville nartuille.<\/span><\/p><p><span style=\"font-family: var( --e-global-typography-text-font-family ), Sans-serif;\">Nooa <a href=\"https:\/\/jalostus.kennelliitto.fi\/frmKoira.aspx?RekNo=FI26560%2F22&amp;R=88\">KoiraNetiss\u00e4<\/a><\/span><\/p>\t\t\t\t\t\t<\/div>\n\t\t\t\t<\/div>\n\t\t\t\t\t<\/div>\n\t\t<\/div>\n\t\t\t\t\t\t\t<\/div>\n\t\t<\/section>\n\t\t\t\t\t\t<\/div>\n\t\t\t\t\t<\/div>\n\t\t","protected":false},"excerpt":{"rendered":"<p>Nenitan Did The Best Pranks Nooa on valloittava persoona.\u00a0Olisi mukava saada t\u00e4st\u00e4 koirasta joskus j\u00e4lkel\u00e4isi\u00e4. Valitettavasti itsell\u00e4 ei ole sille sopivaa narttua, kun kaikki on l\u00e4hisukulaisia. Nooa onkin tarjolla jalostukseen sopiville nartuille. Nooa KoiraNetiss\u00e4<\/p>\n","protected":false},"author":1,"featured_media":0,"parent":64,"menu_order":0,"comment_status":"closed","ping_status":"closed","template":"","meta":{"_kad_post_transparent":"","_kad_post_title":"hide","_kad_post_layout":"fullwidth","_kad_post_sidebar_id":"","_kad_post_content_style":"unboxed","_kad_post_vertical_padding":"hide","_kad_post_feature":"hide","_kad_post_feature_position":"","_kad_post_header":false,"_kad_post_footer":false,"footnotes":""},"class_list":["post-233","page","type-page","status-publish","hentry"],"_links":{"self":[{"href":"https:\/\/nenitan.fi\/index.php\/wp-json\/wp\/v2\/pages\/233","targetHints":{"allow":["GET"]}}],"collection":[{"href":"https:\/\/nenitan.fi\/index.php\/wp-json\/wp\/v2\/pages"}],"about":[{"href":"https:\/\/nenitan.fi\/index.php\/wp-json\/wp\/v2\/types\/page"}],"author":[{"embeddable":true,"href":"https:\/\/nenitan.fi\/index.php\/wp-json\/wp\/v2\/users\/1"}],"replies":[{"embeddable":true,"href":"https:\/\/nenitan.fi\/index.php\/wp-json\/wp\/v2\/comments?post=233"}],"version-history":[{"count":7,"href":"https:\/\/nenitan.fi\/index.php\/wp-json\/wp\/v2\/pages\/233\/revisions"}],"predecessor-version":[{"id":243,"href":"https:\/\/nenitan.fi\/index.php\/wp-json\/wp\/v2\/pages\/233\/revisions\/243"}],"up":[{"embeddable":true,"href":"https:\/\/nenitan.fi\/index.php\/wp-json\/wp\/v2\/pages\/64"}],"wp:attachment":[{"href":"https:\/\/nenitan.fi\/index.php\/wp-json\/wp\/v2\/media?parent=233"}],"curies":[{"name":"wp","href":"https:\/\/api.w.org\/{rel}","templated":true}]}}