{"id":214,"date":"2025-07-20T07:48:00","date_gmt":"2025-07-20T07:48:00","guid":{"rendered":"https:\/\/nenitan.fi\/?page_id=214"},"modified":"2025-07-20T09:02:37","modified_gmt":"2025-07-20T09:02:37","slug":"pilke-2","status":"publish","type":"page","link":"https:\/\/nenitan.fi\/index.php\/koirat\/pilke-2\/","title":{"rendered":"Pilke"},"content":{"rendered":"\t\t<div data-elementor-type=\"wp-page\" data-elementor-id=\"214\" class=\"elementor elementor-214\" data-elementor-settings=\"[]\">\n\t\t\t\t\t\t\t<div class=\"elementor-section-wrap\">\n\t\t\t\t\t\t\t<section class=\"elementor-section elementor-top-section elementor-element elementor-element-d5125a0 elementor-section-boxed elementor-section-height-default elementor-section-height-default\" data-id=\"d5125a0\" data-element_type=\"section\">\n\t\t\t\t\t\t<div class=\"elementor-container elementor-column-gap-default\">\n\t\t\t\t\t<div class=\"elementor-column elementor-col-100 elementor-top-column elementor-element elementor-element-537804f\" data-id=\"537804f\" data-element_type=\"column\">\n\t\t\t<div class=\"elementor-widget-wrap elementor-element-populated\">\n\t\t\t\t\t\t\t\t<div class=\"elementor-element elementor-element-5d72e47 elementor-widget elementor-widget-heading\" data-id=\"5d72e47\" data-element_type=\"widget\" data-widget_type=\"heading.default\">\n\t\t\t\t<div class=\"elementor-widget-container\">\n\t\t\t<h2 class=\"elementor-heading-title elementor-size-default\">Nenitan Double Trouble For Mother<\/h2>\t\t<\/div>\n\t\t\t\t<\/div>\n\t\t\t\t\t<\/div>\n\t\t<\/div>\n\t\t\t\t\t\t\t<\/div>\n\t\t<\/section>\n\t\t\t\t<section class=\"elementor-section elementor-top-section elementor-element elementor-element-85fbf89 elementor-section-boxed elementor-section-height-default elementor-section-height-default\" data-id=\"85fbf89\" data-element_type=\"section\">\n\t\t\t\t\t\t<div class=\"elementor-container elementor-column-gap-default\">\n\t\t\t\t\t<div class=\"elementor-column elementor-col-100 elementor-top-column elementor-element elementor-element-4e34bcb\" data-id=\"4e34bcb\" data-element_type=\"column\">\n\t\t\t<div class=\"elementor-widget-wrap elementor-element-populated\">\n\t\t\t\t\t\t\t\t<div class=\"elementor-element elementor-element-78f2ace elementor-widget elementor-widget-image\" data-id=\"78f2ace\" data-element_type=\"widget\" data-widget_type=\"image.default\">\n\t\t\t\t<div class=\"elementor-widget-container\">\n\t\t\t\t\t\t\t\t\t\t\t\t\t\t\t<img loading=\"lazy\" decoding=\"async\" width=\"768\" height=\"654\" src=\"https:\/\/nenitan.fi\/wp-content\/uploads\/2025\/07\/Pilke-768x654.jpeg\" class=\"attachment-medium_large size-medium_large\" alt=\"\" srcset=\"https:\/\/nenitan.fi\/wp-content\/uploads\/2025\/07\/Pilke-768x654.jpeg 768w, https:\/\/nenitan.fi\/wp-content\/uploads\/2025\/07\/Pilke-300x255.jpeg 300w, https:\/\/nenitan.fi\/wp-content\/uploads\/2025\/07\/Pilke-1024x872.jpeg 1024w, https:\/\/nenitan.fi\/wp-content\/uploads\/2025\/07\/Pilke.jpeg 1406w\" sizes=\"auto, (max-width: 768px) 100vw, 768px\" \/>\t\t\t\t\t\t\t\t\t\t\t\t\t\t\t<\/div>\n\t\t\t\t<\/div>\n\t\t\t\t\t<\/div>\n\t\t<\/div>\n\t\t\t\t\t\t\t<\/div>\n\t\t<\/section>\n\t\t\t\t<section class=\"elementor-section elementor-top-section elementor-element elementor-element-3658911 elementor-section-boxed elementor-section-height-default elementor-section-height-default\" data-id=\"3658911\" data-element_type=\"section\">\n\t\t\t\t\t\t<div class=\"elementor-container elementor-column-gap-default\">\n\t\t\t\t\t<div class=\"elementor-column elementor-col-100 elementor-top-column elementor-element elementor-element-9a4f88b\" data-id=\"9a4f88b\" data-element_type=\"column\">\n\t\t\t<div class=\"elementor-widget-wrap elementor-element-populated\">\n\t\t\t\t\t\t\t\t<div class=\"elementor-element elementor-element-aaa931a elementor-widget elementor-widget-text-editor\" data-id=\"aaa931a\" data-element_type=\"widget\" data-widget_type=\"text-editor.default\">\n\t\t\t\t<div class=\"elementor-widget-container\">\n\t\t\t\t\t\t\t<p>Pilke on sijoituksessa minun \u00e4idill\u00e4, kuten virallisesta nimest\u00e4kin voisi p\u00e4\u00e4tell\u00e4. Ominaisuuksiltaan hyvin paljon em\u00e4ns\u00e4 Nolan ja siskonsa Keiran kaltainen. Tykk\u00e4\u00e4 harrastaa rallytokoa, mutta ei ole lajissa kilpaillut. Saa n\u00e4hd\u00e4 yrit\u00e4nk\u00f6 joskus vied\u00e4 itse t\u00e4m\u00e4n tyt\u00f6n kisoihin&#8230;\u00a0<\/p><p>Pilkkeelle on suunnitteilla pentuja.<\/p><p>Pilke <a href=\"https:\/\/jalostus.kennelliitto.fi\/frmKoira.aspx?RekNo=FI26562%2F22&amp;R=88\">KoiraNetiss\u00e4<\/a><\/p>\t\t\t\t\t\t<\/div>\n\t\t\t\t<\/div>\n\t\t\t\t\t<\/div>\n\t\t<\/div>\n\t\t\t\t\t\t\t<\/div>\n\t\t<\/section>\n\t\t\t\t\t\t<\/div>\n\t\t\t\t\t<\/div>\n\t\t","protected":false},"excerpt":{"rendered":"<p>Nenitan Double Trouble For Mother Pilke on sijoituksessa minun \u00e4idill\u00e4, kuten virallisesta nimest\u00e4kin voisi p\u00e4\u00e4tell\u00e4. Ominaisuuksiltaan hyvin paljon em\u00e4ns\u00e4 Nolan ja siskonsa Keiran kaltainen. Tykk\u00e4\u00e4 harrastaa rallytokoa, mutta ei ole lajissa kilpaillut. Saa n\u00e4hd\u00e4 yrit\u00e4nk\u00f6 joskus vied\u00e4 itse t\u00e4m\u00e4n tyt\u00f6n kisoihin&#8230;\u00a0 Pilkkeelle on suunnitteilla pentuja. Pilke KoiraNetiss\u00e4<\/p>\n","protected":false},"author":1,"featured_media":0,"parent":64,"menu_order":0,"comment_status":"closed","ping_status":"closed","template":"","meta":{"_kad_post_transparent":"","_kad_post_title":"hide","_kad_post_layout":"fullwidth","_kad_post_sidebar_id":"","_kad_post_content_style":"unboxed","_kad_post_vertical_padding":"hide","_kad_post_feature":"hide","_kad_post_feature_position":"","_kad_post_header":false,"_kad_post_footer":false,"footnotes":""},"class_list":["post-214","page","type-page","status-publish","hentry"],"_links":{"self":[{"href":"https:\/\/nenitan.fi\/index.php\/wp-json\/wp\/v2\/pages\/214","targetHints":{"allow":["GET"]}}],"collection":[{"href":"https:\/\/nenitan.fi\/index.php\/wp-json\/wp\/v2\/pages"}],"about":[{"href":"https:\/\/nenitan.fi\/index.php\/wp-json\/wp\/v2\/types\/page"}],"author":[{"embeddable":true,"href":"https:\/\/nenitan.fi\/index.php\/wp-json\/wp\/v2\/users\/1"}],"replies":[{"embeddable":true,"href":"https:\/\/nenitan.fi\/index.php\/wp-json\/wp\/v2\/comments?post=214"}],"version-history":[{"count":4,"href":"https:\/\/nenitan.fi\/index.php\/wp-json\/wp\/v2\/pages\/214\/revisions"}],"predecessor-version":[{"id":255,"href":"https:\/\/nenitan.fi\/index.php\/wp-json\/wp\/v2\/pages\/214\/revisions\/255"}],"up":[{"embeddable":true,"href":"https:\/\/nenitan.fi\/index.php\/wp-json\/wp\/v2\/pages\/64"}],"wp:attachment":[{"href":"https:\/\/nenitan.fi\/index.php\/wp-json\/wp\/v2\/media?parent=214"}],"curies":[{"name":"wp","href":"https:\/\/api.w.org\/{rel}","templated":true}]}}