{"id":145,"date":"2025-07-16T19:19:55","date_gmt":"2025-07-16T19:19:55","guid":{"rendered":"https:\/\/nenitan.fi\/?page_id=145"},"modified":"2025-08-05T19:18:57","modified_gmt":"2025-08-05T19:18:57","slug":"leona","status":"publish","type":"page","link":"https:\/\/nenitan.fi\/index.php\/koirat\/leona\/","title":{"rendered":"Leona"},"content":{"rendered":"\t\t<div data-elementor-type=\"wp-page\" data-elementor-id=\"145\" class=\"elementor elementor-145\" data-elementor-settings=\"[]\">\n\t\t\t\t\t\t\t<div class=\"elementor-section-wrap\">\n\t\t\t\t\t\t\t<section class=\"elementor-section elementor-top-section elementor-element elementor-element-05c6b4a elementor-section-boxed elementor-section-height-default elementor-section-height-default\" data-id=\"05c6b4a\" data-element_type=\"section\">\n\t\t\t\t\t\t<div class=\"elementor-container elementor-column-gap-default\">\n\t\t\t\t\t<div class=\"elementor-column elementor-col-100 elementor-top-column elementor-element elementor-element-f191ae9\" data-id=\"f191ae9\" data-element_type=\"column\">\n\t\t\t<div class=\"elementor-widget-wrap elementor-element-populated\">\n\t\t\t\t\t\t\t\t<div class=\"elementor-element elementor-element-b82c7e9 elementor-widget elementor-widget-heading\" data-id=\"b82c7e9\" data-element_type=\"widget\" data-widget_type=\"heading.default\">\n\t\t\t\t<div class=\"elementor-widget-container\">\n\t\t\t<h2 class=\"elementor-heading-title elementor-size-default\">Nenitan Eden Summer Serenade<\/h2>\t\t<\/div>\n\t\t\t\t<\/div>\n\t\t\t\t\t<\/div>\n\t\t<\/div>\n\t\t\t\t\t\t\t<\/div>\n\t\t<\/section>\n\t\t\t\t<section class=\"elementor-section elementor-top-section elementor-element elementor-element-41fe35f elementor-section-boxed elementor-section-height-default elementor-section-height-default\" data-id=\"41fe35f\" data-element_type=\"section\">\n\t\t\t\t\t\t<div class=\"elementor-container elementor-column-gap-default\">\n\t\t\t\t\t<div class=\"elementor-column elementor-col-100 elementor-top-column elementor-element elementor-element-a08dd5a\" data-id=\"a08dd5a\" data-element_type=\"column\">\n\t\t\t<div class=\"elementor-widget-wrap elementor-element-populated\">\n\t\t\t\t\t\t\t\t<div class=\"elementor-element elementor-element-62763de elementor-widget elementor-widget-image\" data-id=\"62763de\" data-element_type=\"widget\" data-widget_type=\"image.default\">\n\t\t\t\t<div class=\"elementor-widget-container\">\n\t\t\t\t\t\t\t\t\t\t\t\t\t\t\t<img loading=\"lazy\" decoding=\"async\" width=\"768\" height=\"524\" src=\"https:\/\/nenitan.fi\/wp-content\/uploads\/2025\/07\/Lempi_seisoo-768x524.jpg\" class=\"attachment-medium_large size-medium_large\" alt=\"\" srcset=\"https:\/\/nenitan.fi\/wp-content\/uploads\/2025\/07\/Lempi_seisoo-768x524.jpg 768w, https:\/\/nenitan.fi\/wp-content\/uploads\/2025\/07\/Lempi_seisoo-300x205.jpg 300w, https:\/\/nenitan.fi\/wp-content\/uploads\/2025\/07\/Lempi_seisoo-1024x699.jpg 1024w, https:\/\/nenitan.fi\/wp-content\/uploads\/2025\/07\/Lempi_seisoo-1536x1048.jpg 1536w, https:\/\/nenitan.fi\/wp-content\/uploads\/2025\/07\/Lempi_seisoo.jpg 2048w\" sizes=\"auto, (max-width: 768px) 100vw, 768px\" \/>\t\t\t\t\t\t\t\t\t\t\t\t\t\t\t<\/div>\n\t\t\t\t<\/div>\n\t\t\t\t\t<\/div>\n\t\t<\/div>\n\t\t\t\t\t\t\t<\/div>\n\t\t<\/section>\n\t\t\t\t<section class=\"elementor-section elementor-top-section elementor-element elementor-element-95c10f4 elementor-section-boxed elementor-section-height-default elementor-section-height-default\" data-id=\"95c10f4\" data-element_type=\"section\">\n\t\t\t\t\t\t<div class=\"elementor-container elementor-column-gap-default\">\n\t\t\t\t\t<div class=\"elementor-column elementor-col-100 elementor-top-column elementor-element elementor-element-9595eba\" data-id=\"9595eba\" data-element_type=\"column\">\n\t\t\t<div class=\"elementor-widget-wrap elementor-element-populated\">\n\t\t\t\t\t\t\t\t<div class=\"elementor-element elementor-element-48f893a elementor-widget elementor-widget-text-editor\" data-id=\"48f893a\" data-element_type=\"widget\" data-widget_type=\"text-editor.default\">\n\t\t\t\t<div class=\"elementor-widget-container\">\n\t\t\t\t\t\t\t<p>Leona on ollut kovan onnen pentu. Sill\u00e4 meni s\u00e4\u00e4riluu poikki 3 kuukauden i\u00e4ss\u00e4 ja muutenkin on v\u00e4h\u00e4n sattunut ja tapahtunut. Nyt l\u00e4hes 9 kuukauden i\u00e4ss\u00e4 on jo hieman rauhallisempaa ollut meno, mutta edelleen se on hyvinkin vilkas juniori. Valitettavasti Leonalle tuli my\u00f6s peitsihammas, joten se ei sovellu jalostukseen. T\u00e4st\u00e4 syyst\u00e4 harkitsen siit\u00e4 luopumista, mutta voi olla my\u00f6s, ett\u00e4 se j\u00e4\u00e4 meille pelk\u00e4st\u00e4\u00e4n perheenj\u00e4seneksi. &lt;3<\/p><p>Leona <a href=\"https:\/\/jalostus.kennelliitto.fi\/frmKoira.aspx?RekNo=FI49262%2F24&amp;R=88\">KoiraNetiss\u00e4<\/a><\/p>\t\t\t\t\t\t<\/div>\n\t\t\t\t<\/div>\n\t\t\t\t\t<\/div>\n\t\t<\/div>\n\t\t\t\t\t\t\t<\/div>\n\t\t<\/section>\n\t\t\t\t\t\t<\/div>\n\t\t\t\t\t<\/div>\n\t\t","protected":false},"excerpt":{"rendered":"<p>Nenitan Eden Summer Serenade Leona on ollut kovan onnen pentu. Sill\u00e4 meni s\u00e4\u00e4riluu poikki 3 kuukauden i\u00e4ss\u00e4 ja muutenkin on v\u00e4h\u00e4n sattunut ja tapahtunut. Nyt l\u00e4hes 9 kuukauden i\u00e4ss\u00e4 on jo hieman rauhallisempaa ollut meno, mutta edelleen se on hyvinkin vilkas juniori. Valitettavasti Leonalle tuli my\u00f6s peitsihammas, joten se ei sovellu jalostukseen. T\u00e4st\u00e4 syyst\u00e4 harkitsen&#8230;<\/p>\n","protected":false},"author":1,"featured_media":0,"parent":64,"menu_order":0,"comment_status":"closed","ping_status":"closed","template":"","meta":{"_kad_post_transparent":"","_kad_post_title":"hide","_kad_post_layout":"fullwidth","_kad_post_sidebar_id":"","_kad_post_content_style":"unboxed","_kad_post_vertical_padding":"hide","_kad_post_feature":"hide","_kad_post_feature_position":"","_kad_post_header":false,"_kad_post_footer":false,"footnotes":""},"class_list":["post-145","page","type-page","status-publish","hentry"],"_links":{"self":[{"href":"https:\/\/nenitan.fi\/index.php\/wp-json\/wp\/v2\/pages\/145","targetHints":{"allow":["GET"]}}],"collection":[{"href":"https:\/\/nenitan.fi\/index.php\/wp-json\/wp\/v2\/pages"}],"about":[{"href":"https:\/\/nenitan.fi\/index.php\/wp-json\/wp\/v2\/types\/page"}],"author":[{"embeddable":true,"href":"https:\/\/nenitan.fi\/index.php\/wp-json\/wp\/v2\/users\/1"}],"replies":[{"embeddable":true,"href":"https:\/\/nenitan.fi\/index.php\/wp-json\/wp\/v2\/comments?post=145"}],"version-history":[{"count":10,"href":"https:\/\/nenitan.fi\/index.php\/wp-json\/wp\/v2\/pages\/145\/revisions"}],"predecessor-version":[{"id":283,"href":"https:\/\/nenitan.fi\/index.php\/wp-json\/wp\/v2\/pages\/145\/revisions\/283"}],"up":[{"embeddable":true,"href":"https:\/\/nenitan.fi\/index.php\/wp-json\/wp\/v2\/pages\/64"}],"wp:attachment":[{"href":"https:\/\/nenitan.fi\/index.php\/wp-json\/wp\/v2\/media?parent=145"}],"curies":[{"name":"wp","href":"https:\/\/api.w.org\/{rel}","templated":true}]}}