{"id":129,"date":"2025-07-16T19:00:48","date_gmt":"2025-07-16T19:00:48","guid":{"rendered":"https:\/\/nenitan.fi\/?page_id=129"},"modified":"2025-10-08T14:01:43","modified_gmt":"2025-10-08T14:01:43","slug":"kotia-etsivat","status":"publish","type":"page","link":"https:\/\/nenitan.fi\/index.php\/kasvatus\/kotia-etsivat\/","title":{"rendered":"Kotia etsiv\u00e4t"},"content":{"rendered":"\t\t<div data-elementor-type=\"wp-page\" data-elementor-id=\"129\" class=\"elementor elementor-129\" data-elementor-settings=\"[]\">\n\t\t\t\t\t\t\t<div class=\"elementor-section-wrap\">\n\t\t\t\t\t\t\t<section class=\"elementor-section elementor-top-section elementor-element elementor-element-f869f9e elementor-section-boxed elementor-section-height-default elementor-section-height-default\" data-id=\"f869f9e\" data-element_type=\"section\">\n\t\t\t\t\t\t<div class=\"elementor-container elementor-column-gap-default\">\n\t\t\t\t\t<div class=\"elementor-column elementor-col-100 elementor-top-column elementor-element elementor-element-41a8a0a\" data-id=\"41a8a0a\" data-element_type=\"column\">\n\t\t\t<div class=\"elementor-widget-wrap elementor-element-populated\">\n\t\t\t\t\t\t\t\t<div class=\"elementor-element elementor-element-408c173 elementor-widget elementor-widget-heading\" data-id=\"408c173\" data-element_type=\"widget\" data-widget_type=\"heading.default\">\n\t\t\t\t<div class=\"elementor-widget-container\">\n\t\t\t<h2 class=\"elementor-heading-title elementor-size-default\">Kotia etsiv\u00e4t<\/h2>\t\t<\/div>\n\t\t\t\t<\/div>\n\t\t\t\t\t<\/div>\n\t\t<\/div>\n\t\t\t\t\t\t\t<\/div>\n\t\t<\/section>\n\t\t\t\t<section class=\"elementor-section elementor-top-section elementor-element elementor-element-28d66a8 elementor-section-boxed elementor-section-height-default elementor-section-height-default\" data-id=\"28d66a8\" data-element_type=\"section\">\n\t\t\t\t\t\t<div class=\"elementor-container elementor-column-gap-default\">\n\t\t\t\t\t<div class=\"elementor-column elementor-col-100 elementor-top-column elementor-element elementor-element-146eb20\" data-id=\"146eb20\" data-element_type=\"column\">\n\t\t\t<div class=\"elementor-widget-wrap elementor-element-populated\">\n\t\t\t\t\t\t\t\t<div class=\"elementor-element elementor-element-ace43e5 elementor-widget elementor-widget-text-editor\" data-id=\"ace43e5\" data-element_type=\"widget\" data-widget_type=\"text-editor.default\">\n\t\t\t\t<div class=\"elementor-widget-container\">\n\t\t\t\t\t\t\t<p>Leona on mahdollisesti vapaana oikean kodin l\u00f6ytyess\u00e4. Se on jo kiinte\u00e4 osa perhett\u00e4, joten sille on l\u00f6ydytt\u00e4v\u00e4 ihan erityinen paikka, ett\u00e4 olisin valmis siit\u00e4 luopumaan. Huomioithan, ett\u00e4 Leona ei ole n\u00e4yttelyyn tai jalostukseen sopiva.<br \/><br \/>Leona tarvitsisi kodin, jossa osataan ja jaksetaan ty\u00f6st\u00e4\u00e4 ja tukea sit\u00e4 ep\u00e4varmoissa tilanteissa. Leona kaipaa my\u00f6s koiraseuraa, mutta mielell\u00e4\u00e4n suunnilleen samaa koko luokkaa (noin 5 kg) ja hyvill\u00e4 hermoilla omaavaa. Leona tykk\u00e4\u00e4 paljon painimisista ja vetoleikeist\u00e4. Ei kuitenkaan mielell\u00e4\u00e4n isoihin laumoihin.<br \/><br \/><\/p><p>Yhteydenotot s\u00e4hk\u00f6postitse <a href=\"mailto:nenitan.kennel(a)gmail.com\">nenitan.kennel@gmail.com<\/a><\/p>\t\t\t\t\t\t<\/div>\n\t\t\t\t<\/div>\n\t\t\t\t\t<\/div>\n\t\t<\/div>\n\t\t\t\t\t\t\t<\/div>\n\t\t<\/section>\n\t\t\t\t\t\t<\/div>\n\t\t\t\t\t<\/div>\n\t\t","protected":false},"excerpt":{"rendered":"<p>Kotia etsiv\u00e4t Leona on mahdollisesti vapaana oikean kodin l\u00f6ytyess\u00e4. Se on jo kiinte\u00e4 osa perhett\u00e4, joten sille on l\u00f6ydytt\u00e4v\u00e4 ihan erityinen paikka, ett\u00e4 olisin valmis siit\u00e4 luopumaan. Huomioithan, ett\u00e4 Leona ei ole n\u00e4yttelyyn tai jalostukseen sopiva. Leona tarvitsisi kodin, jossa osataan ja jaksetaan ty\u00f6st\u00e4\u00e4 ja tukea sit\u00e4 ep\u00e4varmoissa tilanteissa. Leona kaipaa my\u00f6s koiraseuraa, mutta mielell\u00e4\u00e4n&#8230;<\/p>\n","protected":false},"author":1,"featured_media":0,"parent":66,"menu_order":0,"comment_status":"closed","ping_status":"closed","template":"","meta":{"_kad_post_transparent":"","_kad_post_title":"hide","_kad_post_layout":"fullwidth","_kad_post_sidebar_id":"","_kad_post_content_style":"unboxed","_kad_post_vertical_padding":"hide","_kad_post_feature":"hide","_kad_post_feature_position":"","_kad_post_header":false,"_kad_post_footer":false,"footnotes":""},"class_list":["post-129","page","type-page","status-publish","hentry"],"_links":{"self":[{"href":"https:\/\/nenitan.fi\/index.php\/wp-json\/wp\/v2\/pages\/129","targetHints":{"allow":["GET"]}}],"collection":[{"href":"https:\/\/nenitan.fi\/index.php\/wp-json\/wp\/v2\/pages"}],"about":[{"href":"https:\/\/nenitan.fi\/index.php\/wp-json\/wp\/v2\/types\/page"}],"author":[{"embeddable":true,"href":"https:\/\/nenitan.fi\/index.php\/wp-json\/wp\/v2\/users\/1"}],"replies":[{"embeddable":true,"href":"https:\/\/nenitan.fi\/index.php\/wp-json\/wp\/v2\/comments?post=129"}],"version-history":[{"count":10,"href":"https:\/\/nenitan.fi\/index.php\/wp-json\/wp\/v2\/pages\/129\/revisions"}],"predecessor-version":[{"id":326,"href":"https:\/\/nenitan.fi\/index.php\/wp-json\/wp\/v2\/pages\/129\/revisions\/326"}],"up":[{"embeddable":true,"href":"https:\/\/nenitan.fi\/index.php\/wp-json\/wp\/v2\/pages\/66"}],"wp:attachment":[{"href":"https:\/\/nenitan.fi\/index.php\/wp-json\/wp\/v2\/media?parent=129"}],"curies":[{"name":"wp","href":"https:\/\/api.w.org\/{rel}","templated":true}]}}