{"id":127,"date":"2025-07-16T19:00:13","date_gmt":"2025-07-16T19:00:13","guid":{"rendered":"https:\/\/nenitan.fi\/?page_id=127"},"modified":"2025-09-04T07:19:50","modified_gmt":"2025-09-04T07:19:50","slug":"suunnitelmat","status":"publish","type":"page","link":"https:\/\/nenitan.fi\/index.php\/kasvatus\/suunnitelmat\/","title":{"rendered":"Suunnitelmat"},"content":{"rendered":"\t\t<div data-elementor-type=\"wp-page\" data-elementor-id=\"127\" class=\"elementor elementor-127\" data-elementor-settings=\"[]\">\n\t\t\t\t\t\t\t<div class=\"elementor-section-wrap\">\n\t\t\t\t\t\t\t<section class=\"elementor-section elementor-top-section elementor-element elementor-element-a2da822 elementor-section-boxed elementor-section-height-default elementor-section-height-default\" data-id=\"a2da822\" data-element_type=\"section\">\n\t\t\t\t\t\t<div class=\"elementor-container elementor-column-gap-default\">\n\t\t\t\t\t<div class=\"elementor-column elementor-col-100 elementor-top-column elementor-element elementor-element-0c63de9\" data-id=\"0c63de9\" data-element_type=\"column\">\n\t\t\t<div class=\"elementor-widget-wrap elementor-element-populated\">\n\t\t\t\t\t\t\t\t<div class=\"elementor-element elementor-element-4145640 elementor-widget elementor-widget-heading\" data-id=\"4145640\" data-element_type=\"widget\" data-widget_type=\"heading.default\">\n\t\t\t\t<div class=\"elementor-widget-container\">\n\t\t\t<h2 class=\"elementor-heading-title elementor-size-default\">Suunnitelmat<\/h2>\t\t<\/div>\n\t\t\t\t<\/div>\n\t\t\t\t\t<\/div>\n\t\t<\/div>\n\t\t\t\t\t\t\t<\/div>\n\t\t<\/section>\n\t\t\t\t<section class=\"elementor-section elementor-top-section elementor-element elementor-element-6444f82 elementor-section-boxed elementor-section-height-default elementor-section-height-default\" data-id=\"6444f82\" data-element_type=\"section\">\n\t\t\t\t\t\t<div class=\"elementor-container elementor-column-gap-default\">\n\t\t\t\t\t<div class=\"elementor-column elementor-col-100 elementor-top-column elementor-element elementor-element-21ef32d\" data-id=\"21ef32d\" data-element_type=\"column\">\n\t\t\t<div class=\"elementor-widget-wrap elementor-element-populated\">\n\t\t\t\t\t\t\t\t<div class=\"elementor-element elementor-element-f233d1b elementor-widget elementor-widget-text-editor\" data-id=\"f233d1b\" data-element_type=\"widget\" data-widget_type=\"text-editor.default\">\n\t\t\t\t<div class=\"elementor-widget-container\">\n\t\t\t\t\t\t\t<p>T\u00e4ll\u00e4 hetkell\u00e4 suunnitelmissa on astuttaa\u00a0<strong>Keira<\/strong>\u00a0ja\u00a0<strong>Pilke<\/strong> vuonna 2026. Alustavat suunnitelmat on tehty, mutta urokset julkaistaan vasta pentujen synnytty\u00e4. Keiralle odotetaan seuraavaa juoksua alkuvuoteen ja Pilkeelle kev\u00e4\u00e4lle. Pentuja voisi olla tarjolla loppukev\u00e4\u00e4st\u00e4 ja kes\u00e4ll\u00e4.<\/p><p>Jos otat yhteytt\u00e4 ennen pentujen syntym\u00e4\u00e4, toivon, ett\u00e4 olet aidosti kiinnostunut juuri minun kasvatusty\u00f6st\u00e4 ja arvoistani. En pid\u00e4 jonotuslistoja, vaan jokaiselle pennulle etsit\u00e4\u00e4n yksil\u00f6llisesti sille sopiva koti. Paras tapa seurata tilannetta onkin odottaa pentujen syntym\u00e4\u00e4 ja olla sen j\u00e4lkeen yhteydess\u00e4. Suosittelen seuraamaan my\u00f6s <a href=\"https:\/\/www.facebook.com\/Nenitankennel\">kennelin Facebook-sivuja<\/a>.<\/p><p>Pennut myyd\u00e4\u00e4n ensisijaisesti perheenj\u00e4seniksi eik\u00e4 niille anneta takuita n\u00e4yttely-, jalostus- tai harrastupuolelle. Pennunostajilta vaadin sitoutumista virallisten terveystutkimusten teett\u00e4miseen ainakin lonkkien, kyyn\u00e4reiden ja silmien osalta. Lupaavimmat nartut pyrin pit\u00e4m\u00e4\u00e4n itsell\u00e4 tai sijoittamaan yhteisty\u00f6kykyisiin koteihin.<\/p><p>Mik\u00e4li ensi vuoden pentusuunnitelmat kiinnostavat, voit ottaa yhteytt\u00e4 s\u00e4hk\u00f6postitse:<br \/>\u00a0<strong><a class=\"fui-Link ___w5et180 f2hkw1w f3rmtva f1ewtqcl fyind8e f1k6fduh f1w7gpdv f1mo0ibp fjoy568 ff5ikls f1s184ao f1mk8lai fnbmjn9 f1o700av f13mvf36 f1cmlufx f9n3di6 f1ids18y f1tx3yz7 f1deo86v f1eh06m1 f1iescvh fhgqx19 f1olyrje f1p93eir f1nev41a\" tabindex=\"0\" href=\"mailto:nenitan.kennel(a)gmail.com\" target=\"_blank\" rel=\"noopener\" type=\"\" data-tabster=\"{\">nenitan.kennel@gmail.com<\/a><\/strong><\/p>\t\t\t\t\t\t<\/div>\n\t\t\t\t<\/div>\n\t\t\t\t\t<\/div>\n\t\t<\/div>\n\t\t\t\t\t\t\t<\/div>\n\t\t<\/section>\n\t\t\t\t\t\t<\/div>\n\t\t\t\t\t<\/div>\n\t\t","protected":false},"excerpt":{"rendered":"<p>Suunnitelmat T\u00e4ll\u00e4 hetkell\u00e4 suunnitelmissa on astuttaa\u00a0Keira\u00a0ja\u00a0Pilke vuonna 2026. Alustavat suunnitelmat on tehty, mutta urokset julkaistaan vasta pentujen synnytty\u00e4. Keiralle odotetaan seuraavaa juoksua alkuvuoteen ja Pilkeelle kev\u00e4\u00e4lle. Pentuja voisi olla tarjolla loppukev\u00e4\u00e4st\u00e4 ja kes\u00e4ll\u00e4. Jos otat yhteytt\u00e4 ennen pentujen syntym\u00e4\u00e4, toivon, ett\u00e4 olet aidosti kiinnostunut juuri minun kasvatusty\u00f6st\u00e4 ja arvoistani. En pid\u00e4 jonotuslistoja, vaan jokaiselle pennulle&#8230;<\/p>\n","protected":false},"author":1,"featured_media":0,"parent":66,"menu_order":0,"comment_status":"closed","ping_status":"closed","template":"","meta":{"_kad_post_transparent":"","_kad_post_title":"hide","_kad_post_layout":"fullwidth","_kad_post_sidebar_id":"","_kad_post_content_style":"unboxed","_kad_post_vertical_padding":"hide","_kad_post_feature":"hide","_kad_post_feature_position":"","_kad_post_header":false,"_kad_post_footer":false,"footnotes":""},"class_list":["post-127","page","type-page","status-publish","hentry"],"_links":{"self":[{"href":"https:\/\/nenitan.fi\/index.php\/wp-json\/wp\/v2\/pages\/127","targetHints":{"allow":["GET"]}}],"collection":[{"href":"https:\/\/nenitan.fi\/index.php\/wp-json\/wp\/v2\/pages"}],"about":[{"href":"https:\/\/nenitan.fi\/index.php\/wp-json\/wp\/v2\/types\/page"}],"author":[{"embeddable":true,"href":"https:\/\/nenitan.fi\/index.php\/wp-json\/wp\/v2\/users\/1"}],"replies":[{"embeddable":true,"href":"https:\/\/nenitan.fi\/index.php\/wp-json\/wp\/v2\/comments?post=127"}],"version-history":[{"count":10,"href":"https:\/\/nenitan.fi\/index.php\/wp-json\/wp\/v2\/pages\/127\/revisions"}],"predecessor-version":[{"id":297,"href":"https:\/\/nenitan.fi\/index.php\/wp-json\/wp\/v2\/pages\/127\/revisions\/297"}],"up":[{"embeddable":true,"href":"https:\/\/nenitan.fi\/index.php\/wp-json\/wp\/v2\/pages\/66"}],"wp:attachment":[{"href":"https:\/\/nenitan.fi\/index.php\/wp-json\/wp\/v2\/media?parent=127"}],"curies":[{"name":"wp","href":"https:\/\/api.w.org\/{rel}","templated":true}]}}