{"id":100,"date":"2025-07-16T14:04:41","date_gmt":"2025-07-16T14:04:41","guid":{"rendered":"https:\/\/nenitan.fi\/?page_id=100"},"modified":"2025-10-08T13:56:29","modified_gmt":"2025-10-08T13:56:29","slug":"keira","status":"publish","type":"page","link":"https:\/\/nenitan.fi\/index.php\/koirat\/keira\/","title":{"rendered":"Keira"},"content":{"rendered":"\t\t<div data-elementor-type=\"wp-page\" data-elementor-id=\"100\" class=\"elementor elementor-100\" data-elementor-settings=\"[]\">\n\t\t\t\t\t\t\t<div class=\"elementor-section-wrap\">\n\t\t\t\t\t\t\t<section class=\"elementor-section elementor-top-section elementor-element elementor-element-fe959c8 elementor-section-boxed elementor-section-height-default elementor-section-height-default\" data-id=\"fe959c8\" data-element_type=\"section\">\n\t\t\t\t\t\t<div class=\"elementor-container elementor-column-gap-default\">\n\t\t\t\t\t<div class=\"elementor-column elementor-col-100 elementor-top-column elementor-element elementor-element-2b07955\" data-id=\"2b07955\" data-element_type=\"column\">\n\t\t\t<div class=\"elementor-widget-wrap elementor-element-populated\">\n\t\t\t\t\t\t\t\t<div class=\"elementor-element elementor-element-712f625 elementor-widget elementor-widget-heading\" data-id=\"712f625\" data-element_type=\"widget\" data-widget_type=\"heading.default\">\n\t\t\t\t<div class=\"elementor-widget-container\">\n\t\t\t<h2 class=\"elementor-heading-title elementor-size-default\">RTK1 Nenitan Doing April Fools<\/h2>\t\t<\/div>\n\t\t\t\t<\/div>\n\t\t\t\t\t<\/div>\n\t\t<\/div>\n\t\t\t\t\t\t\t<\/div>\n\t\t<\/section>\n\t\t\t\t<section class=\"elementor-section elementor-top-section elementor-element elementor-element-7948f9a elementor-section-boxed elementor-section-height-default elementor-section-height-default\" data-id=\"7948f9a\" data-element_type=\"section\">\n\t\t\t\t\t\t<div class=\"elementor-container elementor-column-gap-default\">\n\t\t\t\t\t<div class=\"elementor-column elementor-col-100 elementor-top-column elementor-element elementor-element-a4a8ff7\" data-id=\"a4a8ff7\" data-element_type=\"column\">\n\t\t\t<div class=\"elementor-widget-wrap elementor-element-populated\">\n\t\t\t\t\t\t\t\t<div class=\"elementor-element elementor-element-d79c9ce elementor-widget elementor-widget-image\" data-id=\"d79c9ce\" data-element_type=\"widget\" data-widget_type=\"image.default\">\n\t\t\t\t<div class=\"elementor-widget-container\">\n\t\t\t\t\t\t\t\t\t\t\t\t<figure class=\"wp-caption\">\n\t\t\t\t\t\t\t\t\t\t<img loading=\"lazy\" decoding=\"async\" width=\"768\" height=\"512\" src=\"https:\/\/nenitan.fi\/wp-content\/uploads\/2025\/07\/Keira-768x512.jpg\" class=\"attachment-medium_large size-medium_large\" alt=\"\" srcset=\"https:\/\/nenitan.fi\/wp-content\/uploads\/2025\/07\/Keira-768x512.jpg 768w, https:\/\/nenitan.fi\/wp-content\/uploads\/2025\/07\/Keira-300x200.jpg 300w, https:\/\/nenitan.fi\/wp-content\/uploads\/2025\/07\/Keira-1024x683.jpg 1024w, https:\/\/nenitan.fi\/wp-content\/uploads\/2025\/07\/Keira-1536x1025.jpg 1536w, https:\/\/nenitan.fi\/wp-content\/uploads\/2025\/07\/Keira.jpg 2048w\" sizes=\"auto, (max-width: 768px) 100vw, 768px\" \/>\t\t\t\t\t\t\t\t\t\t\t<figcaption class=\"widget-image-caption wp-caption-text\">Kuvaaja Hanna P\u00e4\u00e4kk\u00f6nen<\/figcaption>\n\t\t\t\t\t\t\t\t\t\t<\/figure>\n\t\t\t\t\t\t\t\t\t<\/div>\n\t\t\t\t<\/div>\n\t\t\t\t\t<\/div>\n\t\t<\/div>\n\t\t\t\t\t\t\t<\/div>\n\t\t<\/section>\n\t\t\t\t<section class=\"elementor-section elementor-top-section elementor-element elementor-element-13d27c8 elementor-section-boxed elementor-section-height-default elementor-section-height-default\" data-id=\"13d27c8\" data-element_type=\"section\">\n\t\t\t\t\t\t<div class=\"elementor-container elementor-column-gap-default\">\n\t\t\t\t\t<div class=\"elementor-column elementor-col-100 elementor-top-column elementor-element elementor-element-749be6f\" data-id=\"749be6f\" data-element_type=\"column\">\n\t\t\t<div class=\"elementor-widget-wrap elementor-element-populated\">\n\t\t\t\t\t\t\t\t<div class=\"elementor-element elementor-element-abea5e8 elementor-widget elementor-widget-text-editor\" data-id=\"abea5e8\" data-element_type=\"widget\" data-widget_type=\"text-editor.default\">\n\t\t\t\t<div class=\"elementor-widget-container\">\n\t\t\t\t\t\t\t<p>Keira <a href=\"https:\/\/jalostus.kennelliitto.fi\/frmKoira.aspx?RekNo=FI26561%2F22&amp;R=88\">KoiraNetiss\u00e4<\/a><\/p>\t\t\t\t\t\t<\/div>\n\t\t\t\t<\/div>\n\t\t\t\t\t<\/div>\n\t\t<\/div>\n\t\t\t\t\t\t\t<\/div>\n\t\t<\/section>\n\t\t\t\t<section class=\"elementor-section elementor-top-section elementor-element elementor-element-df6d211 elementor-section-boxed elementor-section-height-default elementor-section-height-default\" data-id=\"df6d211\" data-element_type=\"section\">\n\t\t\t\t\t\t<div class=\"elementor-container elementor-column-gap-default\">\n\t\t\t\t\t<div class=\"elementor-column elementor-col-100 elementor-top-column elementor-element elementor-element-b0523f1\" data-id=\"b0523f1\" data-element_type=\"column\">\n\t\t\t<div class=\"elementor-widget-wrap elementor-element-populated\">\n\t\t\t\t\t\t\t\t<div class=\"elementor-element elementor-element-618012c elementor-widget elementor-widget-text-editor\" data-id=\"618012c\" data-element_type=\"widget\" data-widget_type=\"text-editor.default\">\n\t\t\t\t<div class=\"elementor-widget-container\">\n\t\t\t\t\t\t\t<p>Keira, Keijo, Kepa, Keke, Kepandeerus&#8230; Rakkaalla lapsella monta nime\u00e4.\u00a0<\/p><p>Keira on ihan spesiaali tapaus. V\u00e4h\u00e4n enemm\u00e4n kuin perussheltti. SmartDOG pentutestiss\u00e4 todettiin, ett\u00e4 sill\u00e4 on vain vahvuuksia kaikilla kognitiivisilla osa-alueilla.\u00a0<\/p><p>Keiran kanssa ollaan kilpailtu rallytokossa kolme kertaa ja saatu hyv\u00e4ksytyt tulokset. Viimeisimm\u00e4st\u00e4 kisasta voitettiin jopa KAS ry:n seuranmestaruus alokasluokassa. Seuraavaksi t\u00e4hd\u00e4t\u00e4\u00e4n siis avoimeen luokkaan. Keiran kanssa treenataan my\u00f6s agility\u00e4, tavoitteena joskus tulevaisuudessa kisata t\u00e4ss\u00e4kin lajissa.<\/p><p>Keira olisi tarkoitus astuttaa seuraavasta juoksusta.<\/p>\t\t\t\t\t\t<\/div>\n\t\t\t\t<\/div>\n\t\t\t\t\t<\/div>\n\t\t<\/div>\n\t\t\t\t\t\t\t<\/div>\n\t\t<\/section>\n\t\t\t\t\t\t<\/div>\n\t\t\t\t\t<\/div>\n\t\t","protected":false},"excerpt":{"rendered":"<p>RTK1 Nenitan Doing April Fools Kuvaaja Hanna P\u00e4\u00e4kk\u00f6nen Keira KoiraNetiss\u00e4 Keira, Keijo, Kepa, Keke, Kepandeerus&#8230; Rakkaalla lapsella monta nime\u00e4.\u00a0 Keira on ihan spesiaali tapaus. V\u00e4h\u00e4n enemm\u00e4n kuin perussheltti. SmartDOG pentutestiss\u00e4 todettiin, ett\u00e4 sill\u00e4 on vain vahvuuksia kaikilla kognitiivisilla osa-alueilla.\u00a0 Keiran kanssa ollaan kilpailtu rallytokossa kolme kertaa ja saatu hyv\u00e4ksytyt tulokset. Viimeisimm\u00e4st\u00e4 kisasta voitettiin jopa KAS&#8230;<\/p>\n","protected":false},"author":1,"featured_media":0,"parent":64,"menu_order":0,"comment_status":"closed","ping_status":"closed","template":"","meta":{"_kad_post_transparent":"","_kad_post_title":"hide","_kad_post_layout":"fullwidth","_kad_post_sidebar_id":"","_kad_post_content_style":"unboxed","_kad_post_vertical_padding":"hide","_kad_post_feature":"hide","_kad_post_feature_position":"","_kad_post_header":false,"_kad_post_footer":false,"footnotes":""},"class_list":["post-100","page","type-page","status-publish","hentry"],"_links":{"self":[{"href":"https:\/\/nenitan.fi\/index.php\/wp-json\/wp\/v2\/pages\/100","targetHints":{"allow":["GET"]}}],"collection":[{"href":"https:\/\/nenitan.fi\/index.php\/wp-json\/wp\/v2\/pages"}],"about":[{"href":"https:\/\/nenitan.fi\/index.php\/wp-json\/wp\/v2\/types\/page"}],"author":[{"embeddable":true,"href":"https:\/\/nenitan.fi\/index.php\/wp-json\/wp\/v2\/users\/1"}],"replies":[{"embeddable":true,"href":"https:\/\/nenitan.fi\/index.php\/wp-json\/wp\/v2\/comments?post=100"}],"version-history":[{"count":19,"href":"https:\/\/nenitan.fi\/index.php\/wp-json\/wp\/v2\/pages\/100\/revisions"}],"predecessor-version":[{"id":323,"href":"https:\/\/nenitan.fi\/index.php\/wp-json\/wp\/v2\/pages\/100\/revisions\/323"}],"up":[{"embeddable":true,"href":"https:\/\/nenitan.fi\/index.php\/wp-json\/wp\/v2\/pages\/64"}],"wp:attachment":[{"href":"https:\/\/nenitan.fi\/index.php\/wp-json\/wp\/v2\/media?parent=100"}],"curies":[{"name":"wp","href":"https:\/\/api.w.org\/{rel}","templated":true}]}}